{"id":78,"date":"2026-04-11T12:45:00","date_gmt":"2026-04-11T12:45:00","guid":{"rendered":"https:\/\/ruimte-maken.nl\/?page_id=78"},"modified":"2026-04-13T07:35:16","modified_gmt":"2026-04-13T07:35:16","slug":"bartolesstraat-1-3-visvliet","status":"publish","type":"page","link":"https:\/\/ruimte-maken.nl\/index.php\/bartolesstraat-1-3-visvliet\/","title":{"rendered":"Bartolesstraat 1-3, Visvliet"},"content":{"rendered":"\n<figure class=\"wp-block-table has-medium-font-size\"><table class=\"has-fixed-layout\"><tbody><tr><td><strong>Type:<\/strong><\/td><td><strong>Status:<\/strong><\/td><td><strong>Jaar:<\/strong><\/td><\/tr><tr><td>nieuwbouw woning<\/td><td>in aanbouw<\/td><td>2024<\/td><\/tr><\/tbody><\/table><\/figure>\n\n\n\n<div style=\"height:0px\" aria-hidden=\"true\" class=\"wp-block-spacer\"><\/div>\n\n\n\n<figure class=\"wp-block-image size-large\"><img loading=\"lazy\" decoding=\"async\" width=\"1024\" height=\"768\" src=\"https:\/\/ruimte-maken.nl\/wp-content\/uploads\/2026\/04\/IMG_3980-1024x768.jpg\" alt=\"\" class=\"wp-image-182\" srcset=\"https:\/\/ruimte-maken.nl\/wp-content\/uploads\/2026\/04\/IMG_3980-1024x768.jpg 1024w, https:\/\/ruimte-maken.nl\/wp-content\/uploads\/2026\/04\/IMG_3980-300x225.jpg 300w, https:\/\/ruimte-maken.nl\/wp-content\/uploads\/2026\/04\/IMG_3980-768x576.jpg 768w, https:\/\/ruimte-maken.nl\/wp-content\/uploads\/2026\/04\/IMG_3980-1536x1152.jpg 1536w, https:\/\/ruimte-maken.nl\/wp-content\/uploads\/2026\/04\/IMG_3980.jpg 1600w\" sizes=\"auto, (max-width: 1024px) 100vw, 1024px\" \/><\/figure>\n\n\n\n<figure class=\"wp-block-table has-medium-font-size\"><table class=\"has-fixed-layout\"><tbody><tr><td><strong>Omschrijving:<\/strong><\/td><\/tr><\/tbody><\/table><\/figure>\n\n\n\n<div style=\"height:0\" aria-hidden=\"true\" class=\"wp-block-spacer\"><\/div>\n\n\n\n<p class=\"has-medium-font-size\">Aan de Bartolesstraat in Visvliet zijn enkele twee-onder-\u00e9\u00e9n-kapwoningen uit de jaren \u201950 gesloopt. De woningbouwvereniging bracht de onderliggende kavels per twee als \u00e9\u00e9n ruime bouwkavel op de markt. Binnen de contouren van het oorspronkelijke bestemmingsplan is op \u00e9\u00e9n van deze kavels een compacte houten woning ontworpen en gerealiseerd.<\/p>\n\n\n\n<p class=\"has-medium-font-size\">De woning volgt in doorsnede exact de maximaal toegestane bouwvorm van het oude plan, maar is door het bescheiden programma aanzienlijk smaller uitgevoerd. Om de woning toch een bredere uitstraling te geven, is het gemetselde deel van de voorgevel doorgezet in een tuinmuur. Deze muur verwijst subtiel naar de oorspronkelijke breedte van de gesloopte woningen en verankert het nieuwe ontwerp in zijn context.<\/p>\n\n\n\n<p class=\"has-medium-font-size\">Een bijzonder element vormt de gevelcompositie: negen identieke kleine vierkante kozijnen, hergebruikt van een gesloopt pand, vormen het uitgangspunt voor de ritmiek van de gevels. Daarmee draagt de woning niet alleen een duurzame gedachte uit, maar krijgt het ontwerp ook een uitgesproken eigen karakter.<\/p>\n\n\n\n<figure class=\"wp-block-table has-medium-font-size\"><table class=\"has-fixed-layout\"><tbody><tr><td><strong>Tekeningen:<\/strong><\/td><\/tr><\/tbody><\/table><\/figure>\n\n\n\n<figure class=\"wp-block-image size-large\"><img loading=\"lazy\" decoding=\"async\" width=\"2048\" height=\"1448\" src=\"https:\/\/ruimte-maken.nl\/wp-content\/uploads\/2026\/04\/situatie-1-3-visvliet-1-2048x1448.jpg\" alt=\"\" class=\"wp-image-467\" srcset=\"https:\/\/ruimte-maken.nl\/wp-content\/uploads\/2026\/04\/situatie-1-3-visvliet-1-2048x1448.jpg 2048w, https:\/\/ruimte-maken.nl\/wp-content\/uploads\/2026\/04\/situatie-1-3-visvliet-1-600x424.jpg 600w, https:\/\/ruimte-maken.nl\/wp-content\/uploads\/2026\/04\/situatie-1-3-visvliet-1-768x543.jpg 768w\" sizes=\"auto, (max-width: 2048px) 100vw, 2048px\" \/><\/figure>\n\n\n\n<figure class=\"wp-block-image size-large\"><img loading=\"lazy\" decoding=\"async\" width=\"2048\" height=\"1448\" src=\"https:\/\/ruimte-maken.nl\/wp-content\/uploads\/2026\/04\/plattegronden-1-3-visvliet-1-2048x1448.jpg\" alt=\"\" class=\"wp-image-468\" srcset=\"https:\/\/ruimte-maken.nl\/wp-content\/uploads\/2026\/04\/plattegronden-1-3-visvliet-1-2048x1448.jpg 2048w, https:\/\/ruimte-maken.nl\/wp-content\/uploads\/2026\/04\/plattegronden-1-3-visvliet-1-600x424.jpg 600w, https:\/\/ruimte-maken.nl\/wp-content\/uploads\/2026\/04\/plattegronden-1-3-visvliet-1-768x543.jpg 768w\" sizes=\"auto, (max-width: 2048px) 100vw, 2048px\" \/><\/figure>\n\n\n\n<figure class=\"wp-block-image size-large\"><img loading=\"lazy\" decoding=\"async\" width=\"2048\" height=\"1448\" src=\"https:\/\/ruimte-maken.nl\/wp-content\/uploads\/2026\/04\/doorsneden-1-3-Visvliet-1-2048x1448.jpg\" alt=\"\" class=\"wp-image-469\" srcset=\"https:\/\/ruimte-maken.nl\/wp-content\/uploads\/2026\/04\/doorsneden-1-3-Visvliet-1-2048x1448.jpg 2048w, https:\/\/ruimte-maken.nl\/wp-content\/uploads\/2026\/04\/doorsneden-1-3-Visvliet-1-600x424.jpg 600w, https:\/\/ruimte-maken.nl\/wp-content\/uploads\/2026\/04\/doorsneden-1-3-Visvliet-1-768x543.jpg 768w\" sizes=\"auto, (max-width: 2048px) 100vw, 2048px\" \/><\/figure>\n\n\n\n<figure class=\"wp-block-image size-large\"><img loading=\"lazy\" decoding=\"async\" width=\"2048\" height=\"1448\" src=\"https:\/\/ruimte-maken.nl\/wp-content\/uploads\/2026\/04\/gevels-1-3-visvliet-1-2048x1448.jpg\" alt=\"\" class=\"wp-image-471\" srcset=\"https:\/\/ruimte-maken.nl\/wp-content\/uploads\/2026\/04\/gevels-1-3-visvliet-1-2048x1448.jpg 2048w, https:\/\/ruimte-maken.nl\/wp-content\/uploads\/2026\/04\/gevels-1-3-visvliet-1-600x424.jpg 600w, https:\/\/ruimte-maken.nl\/wp-content\/uploads\/2026\/04\/gevels-1-3-visvliet-1-768x543.jpg 768w\" sizes=\"auto, (max-width: 2048px) 100vw, 2048px\" \/><\/figure>\n\n\n\n<div class=\"wp-block-group is-horizontal is-content-justification-space-between is-nowrap is-layout-flex wp-container-core-group-is-layout-e71404be wp-block-group-is-layout-flex\" style=\"padding-top:0;padding-right:0;padding-bottom:0;padding-left:0\">\n\n\n<p class=\"has-text-align-center has-contrast-color has-text-color has-link-color wp-elements-85fceaa7a550da5497401ddf214723d2\"><a href=\"https:\/\/ruimte-maken.nl\/\" data-type=\"page\" data-id=\"57\">Home<\/a><\/p>\n\n\n<\/div>\n\n\n\n<p><\/p>\n","protected":false},"excerpt":{"rendered":"<p>Type: Status: Jaar: nieuwbouw woning in aanbouw 2024 Omschrijving: Aan de Bartolesstraat in Visvliet zijn enkele twee-onder-\u00e9\u00e9n-kapwoningen uit de jaren \u201950 gesloopt. De woningbouwvereniging bracht de onderliggende kavels per twee als \u00e9\u00e9n ruime bouwkavel op de markt. Binnen de contouren van het oorspronkelijke bestemmingsplan is op \u00e9\u00e9n van deze kavels een compacte houten woning ontworpen [&hellip;]<\/p>\n","protected":false},"author":1,"featured_media":0,"parent":0,"menu_order":74,"comment_status":"closed","ping_status":"closed","template":"pagina-met-titel","meta":{"footnotes":""},"class_list":["post-78","page","type-page","status-publish","hentry"],"_links":{"self":[{"href":"https:\/\/ruimte-maken.nl\/index.php\/wp-json\/wp\/v2\/pages\/78","targetHints":{"allow":["GET"]}}],"collection":[{"href":"https:\/\/ruimte-maken.nl\/index.php\/wp-json\/wp\/v2\/pages"}],"about":[{"href":"https:\/\/ruimte-maken.nl\/index.php\/wp-json\/wp\/v2\/types\/page"}],"author":[{"embeddable":true,"href":"https:\/\/ruimte-maken.nl\/index.php\/wp-json\/wp\/v2\/users\/1"}],"replies":[{"embeddable":true,"href":"https:\/\/ruimte-maken.nl\/index.php\/wp-json\/wp\/v2\/comments?post=78"}],"version-history":[{"count":8,"href":"https:\/\/ruimte-maken.nl\/index.php\/wp-json\/wp\/v2\/pages\/78\/revisions"}],"predecessor-version":[{"id":472,"href":"https:\/\/ruimte-maken.nl\/index.php\/wp-json\/wp\/v2\/pages\/78\/revisions\/472"}],"wp:attachment":[{"href":"https:\/\/ruimte-maken.nl\/index.php\/wp-json\/wp\/v2\/media?parent=78"}],"curies":[{"name":"wp","href":"https:\/\/api.w.org\/{rel}","templated":true}]}}